{"id":10,"date":"2026-02-26T12:18:05","date_gmt":"2026-02-26T11:18:05","guid":{"rendered":"http:\/\/vmskade.cluster121.hosting.ovh.net\/?page_id=10"},"modified":"2026-05-13T19:21:00","modified_gmt":"2026-05-13T17:21:00","slug":"10-2","status":"publish","type":"page","link":"https:\/\/astresaufoyer.com\/index.php\/10-2\/","title":{"rendered":"L&rsquo;astrologie"},"content":{"rendered":"\n<p>L\u2019astrologie est un formidable outil de connaissance de soi et d\u2019orientation.<\/p>\n\n\n\n<p>Elle permet de mieux comprendre ses forces, ses ressources profondes, mais aussi les d\u00e9fis de vie que l\u2019on rencontre et la mani\u00e8re la plus juste de les traverser. Chaque th\u00e8me de naissance est unique : il dessine une voie singuli\u00e8re, un potentiel propre \u00e0 chacun, une forme int\u00e9rieure \u00e0 reconna\u00eetre pour avancer avec plus de coh\u00e9rence.<\/p>\n\n\n\n<p>L\u2019astrologie permet aussi de mieux comprendre les grandes p\u00e9riodes de notre vie : les moments d\u2019\u00e9lan, les temps de maturation, les phases de transition, les portes qui s\u2019ouvrent, celles qui demandent encore de patienter, et les p\u00e9riodes de pr\u00e9paration n\u00e9cessaires avant certains passages importants.<\/p>\n\n\n\n<p>Elle peut \u00e9galement \u00eatre utilis\u00e9e de mani\u00e8re tr\u00e8s concr\u00e8te pour choisir le moment le plus favorable \u00e0 une d\u00e9cision importante : cr\u00e9er son entreprise, lancer un projet, signer un contrat, se marier, officialiser une union, ou poser un acte fondateur.<\/p>\n\n\n\n<p>Pour celles et ceux qui souhaitent diriger leur vie tout en restant \u00e0 l\u2019\u00e9coute de son mouvement profond, l\u2019astrologie offre un \u00e9clairage pr\u00e9cieux. Elle ne d\u00e9cide pas \u00e0 notre place, mais elle aide \u00e0 mieux sentir le bon moment, \u00e0 ajuster ses choix, et \u00e0 avancer avec davantage de lucidit\u00e9, de confiance et de justesse.<\/p>\n\n\n\n<h2 class=\"wp-block-heading\">Pourquoi consulter ?<\/h2>\n\n\n\n<p><\/p>\n\n\n\n<p>Nous consultons souvent lorsque quelque chose cherche \u00e0 bouger dans notre vie.<\/p>\n\n\n\n<p>Parfois il s\u2019agit d\u2019un questionnement int\u00e9rieur difficile \u00e0 nommer. D\u2019autres fois, d\u2019une p\u00e9riode de transition, d\u2019un choix \u00e0 faire, d\u2019un sentiment de blocage, d\u2019un besoin de comprendre ce qui se joue plus profond\u00e9ment dans une relation, un parcours ou une p\u00e9riode de vie.<\/p>\n\n\n\n<p>L\u2019astrologie permet d\u2019apporter un \u00e9clairage sur ces mouvements.<\/p>\n\n\n\n<p>Elle peut aider \u00e0 mieux comprendre son fonctionnement, ses besoins profonds, ses ressources, certaines r\u00e9p\u00e9titions de vie, ses zones de fragilit\u00e9 mais aussi ses potentiels encore inexprim\u00e9s. Elle permet souvent de remettre du sens l\u00e0 o\u00f9 il y avait de la confusion, de prendre du recul, et de retrouver une direction plus claire.<\/p>\n\n\n\n<p>Certaines personnes consultent dans des moments charni\u00e8res :<\/p>\n\n\n\n<ul class=\"wp-block-list\">\n<li>reconversion professionnelle,<\/li>\n\n\n\n<li>cr\u00e9ation d\u2019entreprise,<\/li>\n\n\n\n<li>s\u00e9paration,<\/li>\n\n\n\n<li>questionnements relationnels,<\/li>\n\n\n\n<li>fatigue ou perte de sens,<\/li>\n\n\n\n<li>besoin de mieux comprendre leur enfant,<\/li>\n\n\n\n<li>impression de traverser une p\u00e9riode de transformation importante.<\/li>\n<\/ul>\n\n\n\n<p>D\u2019autres consultent simplement par d\u00e9sir de mieux se conna\u00eetre.<\/p>\n\n\n\n<p>L\u2019astrologie peut \u00e9galement \u00eatre utilis\u00e9e de mani\u00e8re plus ponctuelle et concr\u00e8te, notamment pour choisir une p\u00e9riode favorable \u00e0 un projet important, mieux comprendre une dynamique relationnelle, ou obtenir un \u00e9clairage sur les cycles en cours.<\/p>\n\n\n\n<p>Notre approche se veut \u00e0 la fois humaine, accessible et approfondie. Nous cherchons avant tout \u00e0 transmettre des cl\u00e9s de compr\u00e9hension utiles, concr\u00e8tes et incarn\u00e9es, dans une d\u00e9marche de conscience, de discernement et d\u2019\u00e9volution personnelle.<audio autoplay=\"\"><\/audio><\/p>\n","protected":false},"excerpt":{"rendered":"<p>L\u2019astrologie est un formidable outil de connaissance de soi et d\u2019orientation. Elle permet de mieux comprendre ses forces, ses ressources profondes, mais aussi les d\u00e9fis de vie que l\u2019on rencontre et la mani\u00e8re la plus juste de les traverser. Chaque th\u00e8me de naissance est unique : il dessine une voie singuli\u00e8re, un potentiel propre \u00e0&#8230;<\/p>\n","protected":false},"author":1,"featured_media":0,"parent":0,"menu_order":0,"comment_status":"closed","ping_status":"closed","template":"","meta":{"_kad_post_transparent":"","_kad_post_title":"","_kad_post_layout":"","_kad_post_sidebar_id":"","_kad_post_content_style":"","_kad_post_vertical_padding":"","_kad_post_feature":"","_kad_post_feature_position":"","_kad_post_header":false,"_kad_post_footer":false,"_kad_post_classname":"","footnotes":""},"class_list":["post-10","page","type-page","status-publish","hentry"],"_links":{"self":[{"href":"https:\/\/astresaufoyer.com\/index.php\/wp-json\/wp\/v2\/pages\/10","targetHints":{"allow":["GET"]}}],"collection":[{"href":"https:\/\/astresaufoyer.com\/index.php\/wp-json\/wp\/v2\/pages"}],"about":[{"href":"https:\/\/astresaufoyer.com\/index.php\/wp-json\/wp\/v2\/types\/page"}],"author":[{"embeddable":true,"href":"https:\/\/astresaufoyer.com\/index.php\/wp-json\/wp\/v2\/users\/1"}],"replies":[{"embeddable":true,"href":"https:\/\/astresaufoyer.com\/index.php\/wp-json\/wp\/v2\/comments?post=10"}],"version-history":[{"count":3,"href":"https:\/\/astresaufoyer.com\/index.php\/wp-json\/wp\/v2\/pages\/10\/revisions"}],"predecessor-version":[{"id":424,"href":"https:\/\/astresaufoyer.com\/index.php\/wp-json\/wp\/v2\/pages\/10\/revisions\/424"}],"wp:attachment":[{"href":"https:\/\/astresaufoyer.com\/index.php\/wp-json\/wp\/v2\/media?parent=10"}],"curies":[{"name":"wp","href":"https:\/\/api.w.org\/{rel}","templated":true}]}}