{"id":14,"date":"2026-02-26T12:19:42","date_gmt":"2026-02-26T11:19:42","guid":{"rendered":"http:\/\/vmskade.cluster121.hosting.ovh.net\/?page_id=14"},"modified":"2026-05-13T18:47:24","modified_gmt":"2026-05-13T16:47:24","slug":"contact","status":"publish","type":"page","link":"https:\/\/astresaufoyer.com\/index.php\/contact\/","title":{"rendered":"Contact"},"content":{"rendered":"\n<div style=\"max-width:1200px;margin:auto;padding:28px;border-radius:12px;background:#f7f7f7;border:1px solid #e3e3e3;line-height:1.7;color:#222;box-shadow:0 8px 22px rgba(0,0,0,0.08);\">\n\n<h2 style=\"margin-top:0;color:#222;\">Prendre rendez-vous<\/h2>\n\n<p style=\"font-size:18px;margin-bottom:15px;\">\n\ud83d\udcde <strong>\n<a href=\"tel:+33744418691\" style=\"text-decoration:none;color:#000;\">\n07 44 41 86 91\n<\/a>\n<\/strong><br>\nAppel ou SMS.\n<\/p>\n\n<p>\n\u2709\ufe0f \n<a href=\"mailto:contact@astresaufoyer.com\" style=\"text-decoration:none;color:#000;\">\ncontact@astresaufoyer.com\n<\/a>\n<\/p>\n\n<hr style=\"border:none;border-top:1px solid #ddd;margin:20px 0;\">\n\n<p><strong>Les consultations peuvent se faire :<\/strong><\/p>\n\n<p>\n\u2022 en visio<br>\n\u2022 par t\u00e9l\u00e9phone<br>\n\u2022 en pr\u00e9sentiel\n<\/p>\n\n<p>\nNous recevons \u00e9galement <strong>chez nous \u00e0 Toulouse<\/strong>, dans le quartier de <strong>Rangueil<\/strong>.\n<\/p>\n\n<p style=\"color:#555;font-size:0.95em;margin-top:18px;\">\nLes consultations se font sur rendez-vous uniquement.<br>\nSi nous ne r\u00e9pondons pas imm\u00e9diatement, c&rsquo;est que nous sommes en consultation.<br>\nVous pouvez laisser un message ou un SMS, nous vous rappellerons, g\u00e9n\u00e9ralement dans la journ\u00e9e.\n<\/p>\n\n<p style=\"margin-top:22px;\">\n<a href=\"tel:+33744418691\" \nstyle=\"display:inline-block;background:#2c3e50;color:white;padding:12px 22px;border-radius:6px;text-decoration:none;font-weight:bold;\">\n\ud83d\udcde  Appeler pour prendre rendez-vous\n<\/a>\n<\/p>\n\n<\/div>\n","protected":false},"excerpt":{"rendered":"<p>Prendre rendez-vous \ud83d\udcde 07 44 41 86 91 Appel ou SMS. \u2709\ufe0f contact@astresaufoyer.com Les consultations peuvent se faire : \u2022 en visio \u2022 par t\u00e9l\u00e9phone \u2022 en pr\u00e9sentiel Nous recevons \u00e9galement chez nous \u00e0 Toulouse, dans le quartier de Rangueil. Les consultations se font sur rendez-vous uniquement. Si nous ne r\u00e9pondons pas imm\u00e9diatement, c&rsquo;est que&#8230;<\/p>\n","protected":false},"author":1,"featured_media":0,"parent":0,"menu_order":0,"comment_status":"closed","ping_status":"closed","template":"","meta":{"_kad_post_transparent":"","_kad_post_title":"","_kad_post_layout":"","_kad_post_sidebar_id":"","_kad_post_content_style":"","_kad_post_vertical_padding":"","_kad_post_feature":"","_kad_post_feature_position":"","_kad_post_header":false,"_kad_post_footer":false,"_kad_post_classname":"","footnotes":""},"class_list":["post-14","page","type-page","status-publish","hentry"],"_links":{"self":[{"href":"https:\/\/astresaufoyer.com\/index.php\/wp-json\/wp\/v2\/pages\/14","targetHints":{"allow":["GET"]}}],"collection":[{"href":"https:\/\/astresaufoyer.com\/index.php\/wp-json\/wp\/v2\/pages"}],"about":[{"href":"https:\/\/astresaufoyer.com\/index.php\/wp-json\/wp\/v2\/types\/page"}],"author":[{"embeddable":true,"href":"https:\/\/astresaufoyer.com\/index.php\/wp-json\/wp\/v2\/users\/1"}],"replies":[{"embeddable":true,"href":"https:\/\/astresaufoyer.com\/index.php\/wp-json\/wp\/v2\/comments?post=14"}],"version-history":[{"count":15,"href":"https:\/\/astresaufoyer.com\/index.php\/wp-json\/wp\/v2\/pages\/14\/revisions"}],"predecessor-version":[{"id":423,"href":"https:\/\/astresaufoyer.com\/index.php\/wp-json\/wp\/v2\/pages\/14\/revisions\/423"}],"wp:attachment":[{"href":"https:\/\/astresaufoyer.com\/index.php\/wp-json\/wp\/v2\/media?parent=14"}],"curies":[{"name":"wp","href":"https:\/\/api.w.org\/{rel}","templated":true}]}}