{"id":361,"date":"2026-05-13T15:08:33","date_gmt":"2026-05-13T13:08:33","guid":{"rendered":"https:\/\/astresaufoyer.com\/?page_id=361"},"modified":"2026-05-13T18:24:25","modified_gmt":"2026-05-13T16:24:25","slug":"parentalite","status":"publish","type":"page","link":"https:\/\/astresaufoyer.com\/index.php\/parentalite\/","title":{"rendered":"Parentalit\u00e9"},"content":{"rendered":"\n<p>La parentalit\u00e9 est souvent l\u2019un des endroits de la vie o\u00f9 l\u2019on aime le plus\u2026 et o\u00f9 l\u2019on se sent parfois le plus d\u00e9muni.<\/p>\n\n\n\n<p>Chaque enfant a sa mani\u00e8re d\u2019\u00eatre au monde, de ressentir, de communiquer, d\u2019apprendre, de r\u00e9agir au stress, au cadre, \u00e0 l\u2019autorit\u00e9, \u00e0 la frustration ou au changement. Certains ont besoin de mouvement, d\u2019autres de s\u00e9curit\u00e9, certains ont une immense sensibilit\u00e9 \u00e9motionnelle, d\u2019autres une forte ind\u00e9pendance ou un besoin profond de compr\u00e9hension et de sens.<\/p>\n\n\n\n<p>L\u2019astrologie peut offrir un \u00e9clairage pr\u00e9cieux pour mieux comprendre le temp\u00e9rament d\u2019un enfant, ses besoins profonds, ses forces naturelles, mais aussi les zones de tension ou d\u2019incompr\u00e9hension qui peuvent appara\u00eetre dans la relation familiale.<\/p>\n\n\n\n<p>Elle ne remplace ni l\u2019amour, ni l\u2019\u00e9coute, ni l\u2019exp\u00e9rience des parents.<br>Mais elle peut permettre de poser un autre regard sur certaines difficult\u00e9s, d\u2019\u00e9viter des projections involontaires, et d\u2019ajuster sa mani\u00e8re d\u2019accompagner un enfant en respectant davantage sa nature propre.<\/p>\n\n\n\n<p>Nous recevons r\u00e9guli\u00e8rement des parents qui souhaitent :<\/p>\n\n\n\n<ul class=\"wp-block-list\">\n<li>mieux comprendre le fonctionnement de leur enfant,<\/li>\n\n\n\n<li>apaiser certaines tensions relationnelles,<\/li>\n\n\n\n<li>accompagner une grande sensibilit\u00e9 ou un profil atypique,<\/li>\n\n\n\n<li>mieux vivre certaines \u00e9tapes de d\u00e9veloppement,<\/li>\n\n\n\n<li>comprendre les diff\u00e9rences de temp\u00e9rament entre fr\u00e8res et s\u0153urs,<\/li>\n\n\n\n<li>ou simplement renforcer la qualit\u00e9 du lien familial.<\/li>\n<\/ul>\n\n\n\n<p>Selon les besoins, il est possible de r\u00e9aliser :<\/p>\n\n\n\n<ul class=\"wp-block-list\">\n<li>un th\u00e8me enfant,<\/li>\n\n\n\n<li>un th\u00e8me relationnel parent\/enfant,<\/li>\n\n\n\n<li>des \u00e9tudes relationnelles entre fr\u00e8res et s\u0153urs,<\/li>\n\n\n\n<li>ou une approche plus globale du fonctionnement familial.<\/li>\n<\/ul>\n\n\n\n<p>Lorsque plusieurs th\u00e8mes ou plusieurs \u00e9tudes relationnelles sont demand\u00e9s dans le cadre d\u2019une m\u00eame famille, nous proposons des formules adapt\u00e9es et des tarifs plus avantageux que des consultations prises s\u00e9par\u00e9ment.<\/p>\n\n\n\n<p>Chaque famille \u00e9tant unique, nous vous invitons \u00e0 nous contacter directement afin que nous puissions \u00e9changer avec vous et vous proposer l\u2019accompagnement le plus juste selon votre situation et vos besoins.<\/p>\n","protected":false},"excerpt":{"rendered":"<p>La parentalit\u00e9 est souvent l\u2019un des endroits de la vie o\u00f9 l\u2019on aime le plus\u2026 et o\u00f9 l\u2019on se sent parfois le plus d\u00e9muni. Chaque enfant a sa mani\u00e8re d\u2019\u00eatre au monde, de ressentir, de communiquer, d\u2019apprendre, de r\u00e9agir au stress, au cadre, \u00e0 l\u2019autorit\u00e9, \u00e0 la frustration ou au changement. Certains ont besoin de&#8230;<\/p>\n","protected":false},"author":1,"featured_media":0,"parent":0,"menu_order":0,"comment_status":"closed","ping_status":"closed","template":"","meta":{"_kad_post_transparent":"","_kad_post_title":"","_kad_post_layout":"","_kad_post_sidebar_id":"","_kad_post_content_style":"","_kad_post_vertical_padding":"","_kad_post_feature":"","_kad_post_feature_position":"","_kad_post_header":false,"_kad_post_footer":false,"_kad_post_classname":"","footnotes":""},"class_list":["post-361","page","type-page","status-publish","hentry"],"_links":{"self":[{"href":"https:\/\/astresaufoyer.com\/index.php\/wp-json\/wp\/v2\/pages\/361","targetHints":{"allow":["GET"]}}],"collection":[{"href":"https:\/\/astresaufoyer.com\/index.php\/wp-json\/wp\/v2\/pages"}],"about":[{"href":"https:\/\/astresaufoyer.com\/index.php\/wp-json\/wp\/v2\/types\/page"}],"author":[{"embeddable":true,"href":"https:\/\/astresaufoyer.com\/index.php\/wp-json\/wp\/v2\/users\/1"}],"replies":[{"embeddable":true,"href":"https:\/\/astresaufoyer.com\/index.php\/wp-json\/wp\/v2\/comments?post=361"}],"version-history":[{"count":2,"href":"https:\/\/astresaufoyer.com\/index.php\/wp-json\/wp\/v2\/pages\/361\/revisions"}],"predecessor-version":[{"id":421,"href":"https:\/\/astresaufoyer.com\/index.php\/wp-json\/wp\/v2\/pages\/361\/revisions\/421"}],"wp:attachment":[{"href":"https:\/\/astresaufoyer.com\/index.php\/wp-json\/wp\/v2\/media?parent=361"}],"curies":[{"name":"wp","href":"https:\/\/api.w.org\/{rel}","templated":true}]}}