{"id":8,"date":"2026-02-26T12:17:02","date_gmt":"2026-02-26T11:17:02","guid":{"rendered":"http:\/\/vmskade.cluster121.hosting.ovh.net\/?page_id=8"},"modified":"2026-04-22T10:48:21","modified_gmt":"2026-04-22T08:48:21","slug":"qui-suis-je","status":"publish","type":"page","link":"https:\/\/astresaufoyer.com\/","title":{"rendered":"Pr\u00e9sentation"},"content":{"rendered":"\n<p><strong>Jean-Baptiste Bras, Astrologue&nbsp;<\/strong><\/p>\n\n\n\n<p>Pratiquant avec passion l&rsquo;astrologie depuis plus de vingt ans, form\u00e9 \u00e0 la Communication NonViolente et poss\u00e9dant de solides notions de psychologie, j\u2019effectue diff\u00e9rents types de consultations ainsi que des accompagnements courts.<\/p>\n\n\n\n<p>Beaucoup de th\u00e9rapeutes, d\u2019entrepreneurs, de parents, de personnes en questionnement, en p\u00e9riode de changement ou en chemin vers une meilleure connaissance d\u2019elles-m\u00eames viennent me consulter pour mieux comprendre leur fonctionnement, leurs relations ou une p\u00e9riode de leur vie.<\/p>\n\n\n\n<p>\u00c9tant le p\u00e8re d\u2019une enfant atypique et vivant dans une famille concern\u00e9e par la neurodiversit\u00e9, j\u2019ai \u00e9galement d\u00e9velopp\u00e9 une exp\u00e9rience concr\u00e8te des dynamiques familiales particuli\u00e8res que cela peut impliquer.<br>L\u2019astrologie me permet notamment d\u2019accompagner les parents \u00e0 mieux comprendre leur enfant, son temp\u00e9rament, ses besoins et son fonctionnement, afin d\u2019ajuster leur mani\u00e8re de l\u2019accompagner.<\/p>\n\n\n\n<p>J\u2019appr\u00e9hende l\u2019astrologie comme une carte au tr\u00e9sor. Il y a quelque chose de pr\u00e9cieux, d\u2019unique et de personnel \u00e0 r\u00e9v\u00e9ler en suivant la carte qui contient en son c\u0153ur nos forces pour y arriver mais aussi les ressources qui nous permettront de d\u00e9passer nos d\u00e9fis de vie.<\/p>\n\n\n\n<p><\/p>\n\n\n\n<p><\/p>\n\n\n\n<p><strong>Lenka Barany, Psychopraticienne&nbsp;<\/strong><\/p>\n\n\n\n<p>Je me suis toujours passionn\u00e9e pour la compr\u00e9hension de l\u2019\u00eatre humain : ce qui nous construit, ce qui nous blesse, ce qui nous fait grandir et ce qui donne du sens \u00e0 une vie.<\/p>\n\n\n\n<p>Je suis licenci\u00e9e en psychologie clinique. J\u2019ai par ailleurs grandi dans un environnement artistique, entour\u00e9e d\u2019acteurs et de cr\u00e9ateurs, ce qui a \u00e9t\u00e9 pour moi une premi\u00e8re \u00e9cole d\u2019observation de l\u2019humain, de la relation, de l\u2019\u00e9coute et de la pr\u00e9sence \u00e0 l\u2019autre.<\/p>\n\n\n\n<p>Au fil des ann\u00e9es, je me suis form\u00e9e \u00e0 diff\u00e9rentes approches comme la Communication NonViolente et la Sophrologie. L\u2019astrologie m\u2019accompagne \u00e9galement depuis plus de trente ans comme outil de r\u00e9flexion, de compr\u00e9hension et de lecture de la vie. Mon approche est holistique : elle englobe les diff\u00e9rents aspects de l\u2019\u00eatre, la psych\u00e9, l\u2019\u00e9motionnel, le corps et l\u2019\u00e9lan spirituel. Je suis \u00e9galement tr\u00e8s sensibilis\u00e9e aux questions de neurodiversit\u00e9 et aux r\u00e9alit\u00e9s v\u00e9cues par les enfants atypiques et leurs familles, sujets qui me tiennent particuli\u00e8rement \u00e0 c\u0153ur.<\/p>\n\n\n\n<p>Aujourd\u2019hui, j\u2019accompagne les personnes dans la compr\u00e9hension d\u2019elles-m\u00eames, de leur histoire, de leurs relations et des p\u00e9riodes de leur vie, afin de mettre du sens sur leur parcours et d\u2019ouvrir de nouvelles perspectives pour la suite de leur chemin.<\/p>\n\n\n\n<p><\/p>\n\n\n\n<p><\/p>\n\n\n\n<p><strong>Une consultation, deux regards<\/strong><\/p>\n\n\n\n<p>Nous avons progressivement commenc\u00e9 \u00e0 travailler ensemble lors de certaines consultations, et nous nous sommes rendus compte que nos approches se compl\u00e9taient tr\u00e8s naturellement.<\/p>\n\n\n\n<p>Jean-Baptiste a une connaissance approfondie de l\u2019astrologie et une v\u00e9ritable affinit\u00e9 avec ce langage symbolique, qu\u2019il pratique depuis de nombreuses ann\u00e9es. Pour lui, l\u2019astrologie n\u2019est pas seulement une technique, c\u2019est une mani\u00e8re de lire et de comprendre les personnes, leur fonctionnement, leurs relations et les p\u00e9riodes de leur vie. Il associe une lecture rigoureuse du th\u00e8me \u00e0 une compr\u00e9hension tr\u00e8s fine et intuitive de l\u2019ensemble.<\/p>\n\n\n\n<p>De son c\u00f4t\u00e9, Lenka apporte surtout de l\u2019\u00e9coute, de la reformulation, des liens avec le v\u00e9cu de la personne et son histoire, afin que la consultation ne reste pas seulement une analyse astrologique, mais devienne aussi un moment de compr\u00e9hension et d\u2019int\u00e9gration.<\/p>\n\n\n\n<p>Le fait d\u2019\u00eatre deux permet souvent d\u2019aller plus loin dans l\u2019\u00e9clairage d\u2019une situation, d\u2019apporter plusieurs angles de vue, et de faire de la consultation un v\u00e9ritable temps d\u2019\u00e9change, de mise en sens et de prise de recul.<\/p>\n\n\n\n<p>Les consultations peuvent se faire avec Jean-Baptiste seul ou avec nous deux. Lorsque la consultation se fait \u00e0 deux, le tarif reste le m\u00eame, car nous consid\u00e9rons cette consultation comme un travail commun, dans deux regards qui se compl\u00e8tent et se r\u00e9pondent.<\/p>\n","protected":false},"excerpt":{"rendered":"<p>Jean-Baptiste Bras, Astrologue&nbsp; Pratiquant avec passion l&rsquo;astrologie depuis plus de vingt ans, form\u00e9 \u00e0 la Communication NonViolente et poss\u00e9dant de solides notions de psychologie, j\u2019effectue diff\u00e9rents types de consultations ainsi que des accompagnements courts. Beaucoup de th\u00e9rapeutes, d\u2019entrepreneurs, de parents, de personnes en questionnement, en p\u00e9riode de changement ou en chemin vers une meilleure connaissance&#8230;<\/p>\n","protected":false},"author":1,"featured_media":0,"parent":0,"menu_order":0,"comment_status":"closed","ping_status":"closed","template":"","meta":{"_kad_post_transparent":"","_kad_post_title":"","_kad_post_layout":"","_kad_post_sidebar_id":"","_kad_post_content_style":"","_kad_post_vertical_padding":"","_kad_post_feature":"","_kad_post_feature_position":"","_kad_post_header":false,"_kad_post_footer":false,"_kad_post_classname":"","footnotes":""},"class_list":["post-8","page","type-page","status-publish","hentry"],"_links":{"self":[{"href":"https:\/\/astresaufoyer.com\/index.php\/wp-json\/wp\/v2\/pages\/8","targetHints":{"allow":["GET"]}}],"collection":[{"href":"https:\/\/astresaufoyer.com\/index.php\/wp-json\/wp\/v2\/pages"}],"about":[{"href":"https:\/\/astresaufoyer.com\/index.php\/wp-json\/wp\/v2\/types\/page"}],"author":[{"embeddable":true,"href":"https:\/\/astresaufoyer.com\/index.php\/wp-json\/wp\/v2\/users\/1"}],"replies":[{"embeddable":true,"href":"https:\/\/astresaufoyer.com\/index.php\/wp-json\/wp\/v2\/comments?post=8"}],"version-history":[{"count":8,"href":"https:\/\/astresaufoyer.com\/index.php\/wp-json\/wp\/v2\/pages\/8\/revisions"}],"predecessor-version":[{"id":332,"href":"https:\/\/astresaufoyer.com\/index.php\/wp-json\/wp\/v2\/pages\/8\/revisions\/332"}],"wp:attachment":[{"href":"https:\/\/astresaufoyer.com\/index.php\/wp-json\/wp\/v2\/media?parent=8"}],"curies":[{"name":"wp","href":"https:\/\/api.w.org\/{rel}","templated":true}]}}